{"id":76,"date":"2022-07-01T13:25:33","date_gmt":"2022-07-01T13:25:33","guid":{"rendered":"http:\/\/rgfassociados.com\/?page_id=76"},"modified":"2022-11-09T19:55:34","modified_gmt":"2022-11-09T19:55:34","slug":"a-rgf","status":"publish","type":"page","link":"https:\/\/rgfassociados.com\/en\/a-rgf\/","title":{"rendered":"Company"},"content":{"rendered":"","protected":false},"excerpt":{"rendered":"","protected":false},"author":1,"featured_media":0,"parent":0,"menu_order":2,"comment_status":"closed","ping_status":"closed","template":"page-about.php","meta":{"_acf_changed":false,"inline_featured_image":false,"footnotes":""},"class_list":["post-76","page","type-page","status-publish","hentry"],"acf":[],"yoast_head":"<!-- This site is optimized with the Yoast SEO plugin v27.2 - https:\/\/yoast.com\/product\/yoast-seo-wordpress\/ -->\n<title>Empresa - RGF | Consultoria, Estrutura\u00e7\u00e3o Empresarial, Estrat\u00e9gia e M&amp;A<\/title>\n<meta name=\"description\" content=\"Nada mais, nada menos que obcecados por transformar empresas. Independentes, francos e pr\u00e1ticos, geramos valor extraordin\u00e1rio para nossos clientes resolvendo situa\u00e7\u00f5es complexas, muitas vezes emergenciais, por meio de um espectro completo de servi\u00e7os estrat\u00e9gicos, financeiros, operacionais e organizacionais, oferecidos em forma de advisory, implementa\u00e7\u00e3o ou gest\u00e3o interina.\" \/>\n<meta name=\"robots\" content=\"index, follow, max-snippet:-1, max-image-preview:large, max-video-preview:-1\" \/>\n<link rel=\"canonical\" href=\"https:\/\/rgfassociados.com\/en\/a-rgf\/\" \/>\n<meta property=\"og:locale\" content=\"en_US\" \/>\n<meta property=\"og:type\" content=\"article\" \/>\n<meta property=\"og:title\" content=\"Empresa - RGF | Consultoria, Estrutura\u00e7\u00e3o Empresarial, Estrat\u00e9gia e M&amp;A\" \/>\n<meta property=\"og:description\" content=\"Nada mais, nada menos que obcecados por transformar empresas. Independentes, francos e pr\u00e1ticos, geramos valor extraordin\u00e1rio para nossos clientes resolvendo situa\u00e7\u00f5es complexas, muitas vezes emergenciais, por meio de um espectro completo de servi\u00e7os estrat\u00e9gicos, financeiros, operacionais e organizacionais, oferecidos em forma de advisory, implementa\u00e7\u00e3o ou gest\u00e3o interina.\" \/>\n<meta property=\"og:url\" content=\"https:\/\/rgfassociados.com\/en\/a-rgf\/\" \/>\n<meta property=\"og:site_name\" content=\"RGF | Consultoria, Estrutura\u00e7\u00e3o Empresarial, Estrat\u00e9gia e M&amp;A\" \/>\n<meta property=\"article:modified_time\" content=\"2022-11-09T19:55:34+00:00\" \/>\n<meta name=\"twitter:card\" content=\"summary_large_image\" \/>\n<script type=\"application\/ld+json\" class=\"yoast-schema-graph\">{\"@context\":\"https:\/\/schema.org\",\"@graph\":[{\"@type\":\"WebPage\",\"@id\":\"https:\/\/rgfassociados.com\/a-rgf\/\",\"url\":\"https:\/\/rgfassociados.com\/a-rgf\/\",\"name\":\"Empresa - RGF | Consultoria, Estrutura\u00e7\u00e3o Empresarial, Estrat\u00e9gia e M&amp;A\",\"isPartOf\":{\"@id\":\"https:\/\/rgfassociados.com\/#website\"},\"datePublished\":\"2022-07-01T13:25:33+00:00\",\"dateModified\":\"2022-11-09T19:55:34+00:00\",\"description\":\"Nada mais, nada menos que obcecados por transformar empresas. Independentes, francos e pr\u00e1ticos, geramos valor extraordin\u00e1rio para nossos clientes resolvendo situa\u00e7\u00f5es complexas, muitas vezes emergenciais, por meio de um espectro completo de servi\u00e7os estrat\u00e9gicos, financeiros, operacionais e organizacionais, oferecidos em forma de advisory, implementa\u00e7\u00e3o ou gest\u00e3o interina.\",\"inLanguage\":\"en-US\",\"potentialAction\":[{\"@type\":\"ReadAction\",\"target\":[\"https:\/\/rgfassociados.com\/a-rgf\/\"]}]},{\"@type\":\"WebSite\",\"@id\":\"https:\/\/rgfassociados.com\/#website\",\"url\":\"https:\/\/rgfassociados.com\/\",\"name\":\"RGF | Consultoria, Estrutura\u00e7\u00e3o Empresarial, Estrat\u00e9gia e M&amp;A\",\"description\":\"Na RGF, geramos valor extraordin\u00e1rio para nossos clientes resolvendo situa\u00e7\u00f5es complexas com servi\u00e7os estrat\u00e9gicos, financeiros, operacionais e organizacionais.\",\"potentialAction\":[{\"@type\":\"SearchAction\",\"target\":{\"@type\":\"EntryPoint\",\"urlTemplate\":\"https:\/\/rgfassociados.com\/?s={search_term_string}\"},\"query-input\":{\"@type\":\"PropertyValueSpecification\",\"valueRequired\":true,\"valueName\":\"search_term_string\"}}],\"inLanguage\":\"en-US\"}]}<\/script>\n<!-- \/ Yoast SEO plugin. -->","yoast_head_json":{"title":"Empresa - RGF | Consultoria, Estrutura\u00e7\u00e3o Empresarial, Estrat\u00e9gia e M&amp;A","description":"Nada mais, nada menos que obcecados por transformar empresas. Independentes, francos e pr\u00e1ticos, geramos valor extraordin\u00e1rio para nossos clientes resolvendo situa\u00e7\u00f5es complexas, muitas vezes emergenciais, por meio de um espectro completo de servi\u00e7os estrat\u00e9gicos, financeiros, operacionais e organizacionais, oferecidos em forma de advisory, implementa\u00e7\u00e3o ou gest\u00e3o interina.","robots":{"index":"index","follow":"follow","max-snippet":"max-snippet:-1","max-image-preview":"max-image-preview:large","max-video-preview":"max-video-preview:-1"},"canonical":"https:\/\/rgfassociados.com\/en\/a-rgf\/","og_locale":"en_US","og_type":"article","og_title":"Empresa - RGF | Consultoria, Estrutura\u00e7\u00e3o Empresarial, Estrat\u00e9gia e M&amp;A","og_description":"Nada mais, nada menos que obcecados por transformar empresas. Independentes, francos e pr\u00e1ticos, geramos valor extraordin\u00e1rio para nossos clientes resolvendo situa\u00e7\u00f5es complexas, muitas vezes emergenciais, por meio de um espectro completo de servi\u00e7os estrat\u00e9gicos, financeiros, operacionais e organizacionais, oferecidos em forma de advisory, implementa\u00e7\u00e3o ou gest\u00e3o interina.","og_url":"https:\/\/rgfassociados.com\/en\/a-rgf\/","og_site_name":"RGF | Consultoria, Estrutura\u00e7\u00e3o Empresarial, Estrat\u00e9gia e M&amp;A","article_modified_time":"2022-11-09T19:55:34+00:00","twitter_card":"summary_large_image","schema":{"@context":"https:\/\/schema.org","@graph":[{"@type":"WebPage","@id":"https:\/\/rgfassociados.com\/a-rgf\/","url":"https:\/\/rgfassociados.com\/a-rgf\/","name":"Empresa - RGF | Consultoria, Estrutura\u00e7\u00e3o Empresarial, Estrat\u00e9gia e M&amp;A","isPartOf":{"@id":"https:\/\/rgfassociados.com\/#website"},"datePublished":"2022-07-01T13:25:33+00:00","dateModified":"2022-11-09T19:55:34+00:00","description":"Nada mais, nada menos que obcecados por transformar empresas. Independentes, francos e pr\u00e1ticos, geramos valor extraordin\u00e1rio para nossos clientes resolvendo situa\u00e7\u00f5es complexas, muitas vezes emergenciais, por meio de um espectro completo de servi\u00e7os estrat\u00e9gicos, financeiros, operacionais e organizacionais, oferecidos em forma de advisory, implementa\u00e7\u00e3o ou gest\u00e3o interina.","inLanguage":"en-US","potentialAction":[{"@type":"ReadAction","target":["https:\/\/rgfassociados.com\/a-rgf\/"]}]},{"@type":"WebSite","@id":"https:\/\/rgfassociados.com\/#website","url":"https:\/\/rgfassociados.com\/","name":"RGF | Consultoria, Estrutura\u00e7\u00e3o Empresarial, Estrat\u00e9gia e M&amp;A","description":"Na RGF, geramos valor extraordin\u00e1rio para nossos clientes resolvendo situa\u00e7\u00f5es complexas com servi\u00e7os estrat\u00e9gicos, financeiros, operacionais e organizacionais.","potentialAction":[{"@type":"SearchAction","target":{"@type":"EntryPoint","urlTemplate":"https:\/\/rgfassociados.com\/?s={search_term_string}"},"query-input":{"@type":"PropertyValueSpecification","valueRequired":true,"valueName":"search_term_string"}}],"inLanguage":"en-US"}]}},"_links":{"self":[{"href":"https:\/\/rgfassociados.com\/en\/wp-json\/wp\/v2\/pages\/76","targetHints":{"allow":["GET"]}}],"collection":[{"href":"https:\/\/rgfassociados.com\/en\/wp-json\/wp\/v2\/pages"}],"about":[{"href":"https:\/\/rgfassociados.com\/en\/wp-json\/wp\/v2\/types\/page"}],"author":[{"embeddable":true,"href":"https:\/\/rgfassociados.com\/en\/wp-json\/wp\/v2\/users\/1"}],"replies":[{"embeddable":true,"href":"https:\/\/rgfassociados.com\/en\/wp-json\/wp\/v2\/comments?post=76"}],"version-history":[{"count":50,"href":"https:\/\/rgfassociados.com\/en\/wp-json\/wp\/v2\/pages\/76\/revisions"}],"predecessor-version":[{"id":1083,"href":"https:\/\/rgfassociados.com\/en\/wp-json\/wp\/v2\/pages\/76\/revisions\/1083"}],"wp:attachment":[{"href":"https:\/\/rgfassociados.com\/en\/wp-json\/wp\/v2\/media?parent=76"}],"curies":[{"name":"wp","href":"https:\/\/api.w.org\/{rel}","templated":true}]}}