{"id":3,"date":"2022-06-29T02:54:13","date_gmt":"2022-06-29T02:54:13","guid":{"rendered":"http:\/\/rgfassociados.com\/?page_id=3"},"modified":"2022-12-01T20:37:05","modified_gmt":"2022-12-01T20:37:05","slug":"politica-de-privacidade","status":"publish","type":"page","link":"https:\/\/rgfassociados.com\/en\/politica-de-privacidade\/","title":{"rendered":"Pol\u00edtica de privacidade"},"content":{"rendered":"<p><strong>A RGF respeita a sua privacidade.<\/strong><\/p>\n\n\n\n<p>Por esse motivo, criamos a presente&nbsp;<strong>Privacy Policy&nbsp;<\/strong>com o objetivo de demonstrar, com a maior transpar\u00eancia poss\u00edvel, como realizamos o tratamento dos seus&nbsp;<strong>Dados Pessoais.<\/strong><\/p>\n\n\n\n<p>Recomendamos sua leitura para que os Usu\u00e1rios possam ter o conhecimento de como, e com qual finalidade, seus dados pessoais podem ser coletados pela RGF.<\/p>\n\n\n\n<p>Para fins desta Pol\u00edtica de Privacidade, s\u00e3o &#8220;Usu\u00e1rios&#8221; todos aqueles que acessarem e consultarem nosso site.&nbsp;<\/p>\n\n\n\n<p><strong>No caso de d\u00favidas, por favor entrem em contato conosco atrav\u00e9s de um dos meios indicados em nosso site.<\/strong><\/p>\n\n\n\n<p><strong>Coleta e Utiliza\u00e7\u00e3o de Dados Pessoais<\/strong><\/p>\n\n\n\n<p>Quando da mera visita ao Site, n\u00e3o ser\u00e3o coletados quaisquer dados para identifica\u00e7\u00e3o do indiv\u00edduo, ocorrendo apenas a coleta de dados de registro de internet padr\u00e3o.<\/p>\n\n\n\n<p>Caso o Usu\u00e1rio opte por contatar a RGF por meio de quaisquer uma das formas de contato listadas no Site, as informa\u00e7\u00f5es encaminhadas pelo Usu\u00e1rio ser\u00e3o protegidas nos par\u00e2metros da&nbsp;<strong>Lei 13.709\/2018 (Lei Geral de Prote\u00e7\u00e3o de Dados)&nbsp;<\/strong>e utilizadas apenas para as finalidades em raz\u00e3o das quais foram coletadas.<\/p>\n\n\n\n<p><strong>Compartilhamento de Dados Pessoais<\/strong><\/p>\n\n\n\n<p>O acesso aos Dados Pessoais recebidos \u00e9 restrito apenas a integrantes autorizados para o uso adequado de referidas informa\u00e7\u00f5es. Assim, a RGF se compromete a n\u00e3o comercializar ou compartilhar os Dados Pessoais fornecidos pelos Usu\u00e1rios com terceiros, salvo na hip\u00f3tese de autoriza\u00e7\u00e3o do Usu\u00e1rio.<\/p>\n\n\n\n<p>Contudo, na hip\u00f3tese de ordem expedida por autoridade competente no cumprimento de suas atribui\u00e7\u00f5es legais, ou em caso de viola\u00e7\u00e3o ou suspeita de viola\u00e7\u00e3o desta Pol\u00edtica de Privacidade, poder\u00e1 ser requerido \u00e0 RGF que disponibilize as informa\u00e7\u00f5es pessoais armazenadas.<\/p>\n\n\n\n<p>De todo modo, se assim for, a RGF se compromete a fornecer as informa\u00e7\u00f5es requeridas limitando-se ao m\u00ednimo necess\u00e1rio para cumprir as finalidades legais exigidas.<\/p>\n\n\n\n<p><strong>Seguran\u00e7a<\/strong><\/p>\n\n\n\n<p>Em respeito \u00e0 privacidade e seguran\u00e7a dos Dados Pessoais dos Usu\u00e1rios, empregamos sistemas de seguran\u00e7a e procedimentos t\u00e9cnicos, f\u00edsicos e gerenciais adotados pelo mercado para proteger seus dados.<\/p>\n\n\n\n<p><strong>Altera\u00e7\u00f5es a esta Pol\u00edtica de Privacidade<\/strong><\/p>\n\n\n\n<p>A RGF reserva-se o direito de alterar esta Pol\u00edtica de Privacidade a qualquer momento, total ou parcialmente, mediante publica\u00e7\u00e3o da vers\u00e3o atualizada no Site.<\/p>","protected":false},"excerpt":{"rendered":"<p>A RGF respeita a sua privacidade. Por esse motivo, criamos a presente&nbsp;Pol\u00edtica de Privacidade&nbsp;com o objetivo de demonstrar, com a maior transpar\u00eancia poss\u00edvel, como realizamos o tratamento dos seus&nbsp;Dados Pessoais. Recomendamos sua leitura para que os Usu\u00e1rios possam ter o conhecimento de como, e com qual finalidade, seus dados pessoais podem ser coletados pela RGF. [&hellip;]<\/p>","protected":false},"author":1,"featured_media":0,"parent":0,"menu_order":17,"comment_status":"closed","ping_status":"closed","template":"page-privacy-policy.php","meta":{"_acf_changed":false,"inline_featured_image":false,"footnotes":""},"class_list":["post-3","page","type-page","status-publish","hentry"],"acf":[],"yoast_head":"<!-- This site is optimized with the Yoast SEO plugin v27.2 - https:\/\/yoast.com\/product\/yoast-seo-wordpress\/ -->\n<title>Pol\u00edtica de privacidade - RGF | Consultoria, Estrutura\u00e7\u00e3o Empresarial, Estrat\u00e9gia e M&amp;A<\/title>\n<meta name=\"description\" content=\"A RGF respeita a sua privacidade. Por esse motivo, criamos a presente Pol\u00edtica de Privacidade com o objetivo de demonstrar, com a maior transpar\u00eancia poss\u00edvel, como realizamos o tratamento dos seus Dados Pessoais. Recomendamos sua leitura para que os Usu\u00e1rios possam ter o conhecimento de como, e com qual finalidade, seus Dados Pessoais podem ser coletados pela RGF.\" \/>\n<meta name=\"robots\" content=\"index, follow, max-snippet:-1, max-image-preview:large, max-video-preview:-1\" \/>\n<link rel=\"canonical\" href=\"https:\/\/rgfassociados.com\/en\/politica-de-privacidade\/\" \/>\n<meta property=\"og:locale\" content=\"en_US\" \/>\n<meta property=\"og:type\" content=\"article\" \/>\n<meta property=\"og:title\" content=\"Pol\u00edtica de privacidade - RGF | Consultoria, Estrutura\u00e7\u00e3o Empresarial, Estrat\u00e9gia e M&amp;A\" \/>\n<meta property=\"og:description\" content=\"A RGF respeita a sua privacidade. Por esse motivo, criamos a presente Pol\u00edtica de Privacidade com o objetivo de demonstrar, com a maior transpar\u00eancia poss\u00edvel, como realizamos o tratamento dos seus Dados Pessoais. Recomendamos sua leitura para que os Usu\u00e1rios possam ter o conhecimento de como, e com qual finalidade, seus Dados Pessoais podem ser coletados pela RGF.\" \/>\n<meta property=\"og:url\" content=\"https:\/\/rgfassociados.com\/en\/politica-de-privacidade\/\" \/>\n<meta property=\"og:site_name\" content=\"RGF | Consultoria, Estrutura\u00e7\u00e3o Empresarial, Estrat\u00e9gia e M&amp;A\" \/>\n<meta property=\"article:modified_time\" content=\"2022-12-01T20:37:05+00:00\" \/>\n<meta name=\"twitter:card\" content=\"summary_large_image\" \/>\n<meta name=\"twitter:label1\" content=\"Est. reading time\" \/>\n\t<meta name=\"twitter:data1\" content=\"2 minutes\" \/>\n<script type=\"application\/ld+json\" class=\"yoast-schema-graph\">{\"@context\":\"https:\/\/schema.org\",\"@graph\":[{\"@type\":\"WebPage\",\"@id\":\"https:\/\/rgfassociados.com\/politica-de-privacidade\/\",\"url\":\"https:\/\/rgfassociados.com\/politica-de-privacidade\/\",\"name\":\"Pol\u00edtica de privacidade - RGF | Consultoria, Estrutura\u00e7\u00e3o Empresarial, Estrat\u00e9gia e M&amp;A\",\"isPartOf\":{\"@id\":\"https:\/\/rgfassociados.com\/#website\"},\"datePublished\":\"2022-06-29T02:54:13+00:00\",\"dateModified\":\"2022-12-01T20:37:05+00:00\",\"description\":\"A RGF respeita a sua privacidade. Por esse motivo, criamos a presente Pol\u00edtica de Privacidade com o objetivo de demonstrar, com a maior transpar\u00eancia poss\u00edvel, como realizamos o tratamento dos seus Dados Pessoais. Recomendamos sua leitura para que os Usu\u00e1rios possam ter o conhecimento de como, e com qual finalidade, seus Dados Pessoais podem ser coletados pela RGF.\",\"inLanguage\":\"en-US\",\"potentialAction\":[{\"@type\":\"ReadAction\",\"target\":[\"https:\/\/rgfassociados.com\/politica-de-privacidade\/\"]}]},{\"@type\":\"WebSite\",\"@id\":\"https:\/\/rgfassociados.com\/#website\",\"url\":\"https:\/\/rgfassociados.com\/\",\"name\":\"RGF | Consultoria, Estrutura\u00e7\u00e3o Empresarial, Estrat\u00e9gia e M&amp;A\",\"description\":\"Na RGF, geramos valor extraordin\u00e1rio para nossos clientes resolvendo situa\u00e7\u00f5es complexas com servi\u00e7os estrat\u00e9gicos, financeiros, operacionais e organizacionais.\",\"potentialAction\":[{\"@type\":\"SearchAction\",\"target\":{\"@type\":\"EntryPoint\",\"urlTemplate\":\"https:\/\/rgfassociados.com\/?s={search_term_string}\"},\"query-input\":{\"@type\":\"PropertyValueSpecification\",\"valueRequired\":true,\"valueName\":\"search_term_string\"}}],\"inLanguage\":\"en-US\"}]}<\/script>\n<!-- \/ Yoast SEO plugin. -->","yoast_head_json":{"title":"Pol\u00edtica de privacidade - RGF | Consultoria, Estrutura\u00e7\u00e3o Empresarial, Estrat\u00e9gia e M&amp;A","description":"A RGF respeita a sua privacidade. Por esse motivo, criamos a presente Pol\u00edtica de Privacidade com o objetivo de demonstrar, com a maior transpar\u00eancia poss\u00edvel, como realizamos o tratamento dos seus Dados Pessoais. Recomendamos sua leitura para que os Usu\u00e1rios possam ter o conhecimento de como, e com qual finalidade, seus Dados Pessoais podem ser coletados pela RGF.","robots":{"index":"index","follow":"follow","max-snippet":"max-snippet:-1","max-image-preview":"max-image-preview:large","max-video-preview":"max-video-preview:-1"},"canonical":"https:\/\/rgfassociados.com\/en\/politica-de-privacidade\/","og_locale":"en_US","og_type":"article","og_title":"Pol\u00edtica de privacidade - RGF | Consultoria, Estrutura\u00e7\u00e3o Empresarial, Estrat\u00e9gia e M&amp;A","og_description":"A RGF respeita a sua privacidade. Por esse motivo, criamos a presente Pol\u00edtica de Privacidade com o objetivo de demonstrar, com a maior transpar\u00eancia poss\u00edvel, como realizamos o tratamento dos seus Dados Pessoais. Recomendamos sua leitura para que os Usu\u00e1rios possam ter o conhecimento de como, e com qual finalidade, seus Dados Pessoais podem ser coletados pela RGF.","og_url":"https:\/\/rgfassociados.com\/en\/politica-de-privacidade\/","og_site_name":"RGF | Consultoria, Estrutura\u00e7\u00e3o Empresarial, Estrat\u00e9gia e M&amp;A","article_modified_time":"2022-12-01T20:37:05+00:00","twitter_card":"summary_large_image","twitter_misc":{"Est. reading time":"2 minutes"},"schema":{"@context":"https:\/\/schema.org","@graph":[{"@type":"WebPage","@id":"https:\/\/rgfassociados.com\/politica-de-privacidade\/","url":"https:\/\/rgfassociados.com\/politica-de-privacidade\/","name":"Pol\u00edtica de privacidade - RGF | Consultoria, Estrutura\u00e7\u00e3o Empresarial, Estrat\u00e9gia e M&amp;A","isPartOf":{"@id":"https:\/\/rgfassociados.com\/#website"},"datePublished":"2022-06-29T02:54:13+00:00","dateModified":"2022-12-01T20:37:05+00:00","description":"A RGF respeita a sua privacidade. Por esse motivo, criamos a presente Pol\u00edtica de Privacidade com o objetivo de demonstrar, com a maior transpar\u00eancia poss\u00edvel, como realizamos o tratamento dos seus Dados Pessoais. Recomendamos sua leitura para que os Usu\u00e1rios possam ter o conhecimento de como, e com qual finalidade, seus Dados Pessoais podem ser coletados pela RGF.","inLanguage":"en-US","potentialAction":[{"@type":"ReadAction","target":["https:\/\/rgfassociados.com\/politica-de-privacidade\/"]}]},{"@type":"WebSite","@id":"https:\/\/rgfassociados.com\/#website","url":"https:\/\/rgfassociados.com\/","name":"RGF | Consultoria, Estrutura\u00e7\u00e3o Empresarial, Estrat\u00e9gia e M&amp;A","description":"Na RGF, geramos valor extraordin\u00e1rio para nossos clientes resolvendo situa\u00e7\u00f5es complexas com servi\u00e7os estrat\u00e9gicos, financeiros, operacionais e organizacionais.","potentialAction":[{"@type":"SearchAction","target":{"@type":"EntryPoint","urlTemplate":"https:\/\/rgfassociados.com\/?s={search_term_string}"},"query-input":{"@type":"PropertyValueSpecification","valueRequired":true,"valueName":"search_term_string"}}],"inLanguage":"en-US"}]}},"_links":{"self":[{"href":"https:\/\/rgfassociados.com\/en\/wp-json\/wp\/v2\/pages\/3","targetHints":{"allow":["GET"]}}],"collection":[{"href":"https:\/\/rgfassociados.com\/en\/wp-json\/wp\/v2\/pages"}],"about":[{"href":"https:\/\/rgfassociados.com\/en\/wp-json\/wp\/v2\/types\/page"}],"author":[{"embeddable":true,"href":"https:\/\/rgfassociados.com\/en\/wp-json\/wp\/v2\/users\/1"}],"replies":[{"embeddable":true,"href":"https:\/\/rgfassociados.com\/en\/wp-json\/wp\/v2\/comments?post=3"}],"version-history":[{"count":22,"href":"https:\/\/rgfassociados.com\/en\/wp-json\/wp\/v2\/pages\/3\/revisions"}],"predecessor-version":[{"id":1123,"href":"https:\/\/rgfassociados.com\/en\/wp-json\/wp\/v2\/pages\/3\/revisions\/1123"}],"wp:attachment":[{"href":"https:\/\/rgfassociados.com\/en\/wp-json\/wp\/v2\/media?parent=3"}],"curies":[{"name":"wp","href":"https:\/\/api.w.org\/{rel}","templated":true}]}}