{"id":148,"date":"2022-07-01T17:23:29","date_gmt":"2022-07-01T17:23:29","guid":{"rendered":"http:\/\/rgfassociados.com\/?page_id=148"},"modified":"2023-07-05T18:32:35","modified_gmt":"2023-07-05T21:32:35","slug":"nosso-time","status":"publish","type":"page","link":"https:\/\/rgfassociados.com\/en\/nosso-time\/","title":{"rendered":"Team"},"content":{"rendered":"","protected":false},"excerpt":{"rendered":"","protected":false},"author":1,"featured_media":0,"parent":0,"menu_order":3,"comment_status":"closed","ping_status":"closed","template":"page-team.php","meta":{"_acf_changed":false,"inline_featured_image":false,"footnotes":""},"class_list":["post-148","page","type-page","status-publish","hentry"],"acf":[],"yoast_head":"<!-- This site is optimized with the Yoast SEO plugin v27.2 - https:\/\/yoast.com\/product\/yoast-seo-wordpress\/ -->\n<title>Time - RGF | Consultoria, Estrutura\u00e7\u00e3o Empresarial, Estrat\u00e9gia e M&amp;A<\/title>\n<meta name=\"robots\" content=\"index, follow, max-snippet:-1, max-image-preview:large, max-video-preview:-1\" \/>\n<link rel=\"canonical\" href=\"https:\/\/rgfassociados.com\/en\/nosso-time\/\" \/>\n<meta property=\"og:locale\" content=\"en_US\" \/>\n<meta property=\"og:type\" content=\"article\" \/>\n<meta property=\"og:title\" content=\"Time - RGF | Consultoria, Estrutura\u00e7\u00e3o Empresarial, Estrat\u00e9gia e M&amp;A\" \/>\n<meta property=\"og:url\" content=\"https:\/\/rgfassociados.com\/en\/nosso-time\/\" \/>\n<meta property=\"og:site_name\" content=\"RGF | Consultoria, Estrutura\u00e7\u00e3o Empresarial, Estrat\u00e9gia e M&amp;A\" \/>\n<meta property=\"article:modified_time\" content=\"2023-07-05T21:32:35+00:00\" \/>\n<meta name=\"twitter:card\" content=\"summary_large_image\" \/>\n<script type=\"application\/ld+json\" class=\"yoast-schema-graph\">{\"@context\":\"https:\/\/schema.org\",\"@graph\":[{\"@type\":\"WebPage\",\"@id\":\"https:\/\/rgfassociados.com\/nosso-time\/\",\"url\":\"https:\/\/rgfassociados.com\/nosso-time\/\",\"name\":\"Time - RGF | Consultoria, Estrutura\u00e7\u00e3o Empresarial, Estrat\u00e9gia e M&amp;A\",\"isPartOf\":{\"@id\":\"https:\/\/rgfassociados.com\/#website\"},\"datePublished\":\"2022-07-01T17:23:29+00:00\",\"dateModified\":\"2023-07-05T21:32:35+00:00\",\"inLanguage\":\"en-US\",\"potentialAction\":[{\"@type\":\"ReadAction\",\"target\":[\"https:\/\/rgfassociados.com\/nosso-time\/\"]}]},{\"@type\":\"WebSite\",\"@id\":\"https:\/\/rgfassociados.com\/#website\",\"url\":\"https:\/\/rgfassociados.com\/\",\"name\":\"RGF | Consultoria, Estrutura\u00e7\u00e3o Empresarial, Estrat\u00e9gia e M&amp;A\",\"description\":\"Na RGF, geramos valor extraordin\u00e1rio para nossos clientes resolvendo situa\u00e7\u00f5es complexas com servi\u00e7os estrat\u00e9gicos, financeiros, operacionais e organizacionais.\",\"potentialAction\":[{\"@type\":\"SearchAction\",\"target\":{\"@type\":\"EntryPoint\",\"urlTemplate\":\"https:\/\/rgfassociados.com\/?s={search_term_string}\"},\"query-input\":{\"@type\":\"PropertyValueSpecification\",\"valueRequired\":true,\"valueName\":\"search_term_string\"}}],\"inLanguage\":\"en-US\"}]}<\/script>\n<!-- \/ Yoast SEO plugin. -->","yoast_head_json":{"title":"Time - RGF | Consultoria, Estrutura\u00e7\u00e3o Empresarial, Estrat\u00e9gia e M&amp;A","robots":{"index":"index","follow":"follow","max-snippet":"max-snippet:-1","max-image-preview":"max-image-preview:large","max-video-preview":"max-video-preview:-1"},"canonical":"https:\/\/rgfassociados.com\/en\/nosso-time\/","og_locale":"en_US","og_type":"article","og_title":"Time - RGF | Consultoria, Estrutura\u00e7\u00e3o Empresarial, Estrat\u00e9gia e M&amp;A","og_url":"https:\/\/rgfassociados.com\/en\/nosso-time\/","og_site_name":"RGF | Consultoria, Estrutura\u00e7\u00e3o Empresarial, Estrat\u00e9gia e M&amp;A","article_modified_time":"2023-07-05T21:32:35+00:00","twitter_card":"summary_large_image","schema":{"@context":"https:\/\/schema.org","@graph":[{"@type":"WebPage","@id":"https:\/\/rgfassociados.com\/nosso-time\/","url":"https:\/\/rgfassociados.com\/nosso-time\/","name":"Time - RGF | Consultoria, Estrutura\u00e7\u00e3o Empresarial, Estrat\u00e9gia e M&amp;A","isPartOf":{"@id":"https:\/\/rgfassociados.com\/#website"},"datePublished":"2022-07-01T17:23:29+00:00","dateModified":"2023-07-05T21:32:35+00:00","inLanguage":"en-US","potentialAction":[{"@type":"ReadAction","target":["https:\/\/rgfassociados.com\/nosso-time\/"]}]},{"@type":"WebSite","@id":"https:\/\/rgfassociados.com\/#website","url":"https:\/\/rgfassociados.com\/","name":"RGF | Consultoria, Estrutura\u00e7\u00e3o Empresarial, Estrat\u00e9gia e M&amp;A","description":"Na RGF, geramos valor extraordin\u00e1rio para nossos clientes resolvendo situa\u00e7\u00f5es complexas com servi\u00e7os estrat\u00e9gicos, financeiros, operacionais e organizacionais.","potentialAction":[{"@type":"SearchAction","target":{"@type":"EntryPoint","urlTemplate":"https:\/\/rgfassociados.com\/?s={search_term_string}"},"query-input":{"@type":"PropertyValueSpecification","valueRequired":true,"valueName":"search_term_string"}}],"inLanguage":"en-US"}]}},"_links":{"self":[{"href":"https:\/\/rgfassociados.com\/en\/wp-json\/wp\/v2\/pages\/148","targetHints":{"allow":["GET"]}}],"collection":[{"href":"https:\/\/rgfassociados.com\/en\/wp-json\/wp\/v2\/pages"}],"about":[{"href":"https:\/\/rgfassociados.com\/en\/wp-json\/wp\/v2\/types\/page"}],"author":[{"embeddable":true,"href":"https:\/\/rgfassociados.com\/en\/wp-json\/wp\/v2\/users\/1"}],"replies":[{"embeddable":true,"href":"https:\/\/rgfassociados.com\/en\/wp-json\/wp\/v2\/comments?post=148"}],"version-history":[{"count":16,"href":"https:\/\/rgfassociados.com\/en\/wp-json\/wp\/v2\/pages\/148\/revisions"}],"predecessor-version":[{"id":1442,"href":"https:\/\/rgfassociados.com\/en\/wp-json\/wp\/v2\/pages\/148\/revisions\/1442"}],"wp:attachment":[{"href":"https:\/\/rgfassociados.com\/en\/wp-json\/wp\/v2\/media?parent=148"}],"curies":[{"name":"wp","href":"https:\/\/api.w.org\/{rel}","templated":true}]}}