{"id":1266,"date":"2023-08-02T13:22:59","date_gmt":"2023-08-02T16:22:59","guid":{"rendered":"https:\/\/rgfassociados.com\/?page_id=1266"},"modified":"2025-05-06T09:32:42","modified_gmt":"2025-05-06T12:32:42","slug":"monitores-rgf","status":"publish","type":"page","link":"https:\/\/rgfassociados.com\/en\/monitores-rgf\/","title":{"rendered":"Monitores RGF"},"content":{"rendered":"","protected":false},"excerpt":{"rendered":"","protected":false},"author":5,"featured_media":0,"parent":0,"menu_order":5,"comment_status":"closed","ping_status":"closed","template":"monitores-rgf.php","meta":{"_acf_changed":false,"inline_featured_image":false,"footnotes":""},"class_list":["post-1266","page","type-page","status-publish","hentry"],"acf":[],"yoast_head":"<!-- This site is optimized with the Yoast SEO plugin v27.2 - https:\/\/yoast.com\/product\/yoast-seo-wordpress\/ -->\n<title>Monitor RGF de Recupera\u00e7\u00e3o Judicial - RGF<\/title>\n<meta name=\"description\" content=\"O Monitor RGF de Recupera\u00e7\u00e3o Judicial no Brasil \u00e9 uma plataforma que re\u00fane dados sobre a sa\u00fade dos setores da economia brasileira a partir de uma refer\u00eancia fundamental: a quantidade de companhias em Recupera\u00e7\u00e3o Judicial. O Monitor apresenta o \u00cdndice de Recupera\u00e7\u00e3o Judicial (IRJ-RGF), que indica a quantidade de empresas em Recupera\u00e7\u00e3o Judicial a cada mil empresas, com vis\u00f5es a n\u00edvel pa\u00eds, regi\u00e3o, estado e setor.\" \/>\n<meta name=\"robots\" content=\"index, follow, max-snippet:-1, max-image-preview:large, max-video-preview:-1\" \/>\n<link rel=\"canonical\" href=\"https:\/\/rgfassociados.com\/en\/monitores-rgf\/\" \/>\n<meta property=\"og:locale\" content=\"en_US\" \/>\n<meta property=\"og:type\" content=\"article\" \/>\n<meta property=\"og:title\" content=\"Monitor RGF de Recupera\u00e7\u00e3o Judicial - RGF\" \/>\n<meta property=\"og:description\" content=\"O Monitor RGF de Recupera\u00e7\u00e3o Judicial no Brasil \u00e9 uma plataforma que re\u00fane dados sobre a sa\u00fade dos setores da economia brasileira a partir de uma refer\u00eancia fundamental: a quantidade de companhias em Recupera\u00e7\u00e3o Judicial. O Monitor apresenta o \u00cdndice de Recupera\u00e7\u00e3o Judicial (IRJ-RGF), que indica a quantidade de empresas em Recupera\u00e7\u00e3o Judicial a cada mil empresas, com vis\u00f5es a n\u00edvel pa\u00eds, regi\u00e3o, estado e setor.\" \/>\n<meta property=\"og:url\" content=\"https:\/\/rgfassociados.com\/en\/monitores-rgf\/\" \/>\n<meta property=\"og:site_name\" content=\"RGF | Consultoria, Estrutura\u00e7\u00e3o Empresarial, Estrat\u00e9gia e M&amp;A\" \/>\n<meta property=\"article:modified_time\" content=\"2025-05-06T12:32:42+00:00\" \/>\n<meta name=\"twitter:card\" content=\"summary_large_image\" \/>\n<script type=\"application\/ld+json\" class=\"yoast-schema-graph\">{\"@context\":\"https:\/\/schema.org\",\"@graph\":[{\"@type\":\"WebPage\",\"@id\":\"https:\/\/rgfassociados.com\/monitores-rgf\/\",\"url\":\"https:\/\/rgfassociados.com\/monitores-rgf\/\",\"name\":\"Monitor RGF de Recupera\u00e7\u00e3o Judicial - RGF\",\"isPartOf\":{\"@id\":\"https:\/\/rgfassociados.com\/#website\"},\"datePublished\":\"2023-08-02T16:22:59+00:00\",\"dateModified\":\"2025-05-06T12:32:42+00:00\",\"description\":\"O Monitor RGF de Recupera\u00e7\u00e3o Judicial no Brasil \u00e9 uma plataforma que re\u00fane dados sobre a sa\u00fade dos setores da economia brasileira a partir de uma refer\u00eancia fundamental: a quantidade de companhias em Recupera\u00e7\u00e3o Judicial. O Monitor apresenta o \u00cdndice de Recupera\u00e7\u00e3o Judicial (IRJ-RGF), que indica a quantidade de empresas em Recupera\u00e7\u00e3o Judicial a cada mil empresas, com vis\u00f5es a n\u00edvel pa\u00eds, regi\u00e3o, estado e setor.\",\"inLanguage\":\"en-US\",\"potentialAction\":[{\"@type\":\"ReadAction\",\"target\":[\"https:\/\/rgfassociados.com\/monitores-rgf\/\"]}]},{\"@type\":\"WebSite\",\"@id\":\"https:\/\/rgfassociados.com\/#website\",\"url\":\"https:\/\/rgfassociados.com\/\",\"name\":\"RGF | Consultoria, Estrutura\u00e7\u00e3o Empresarial, Estrat\u00e9gia e M&amp;A\",\"description\":\"Na RGF, geramos valor extraordin\u00e1rio para nossos clientes resolvendo situa\u00e7\u00f5es complexas com servi\u00e7os estrat\u00e9gicos, financeiros, operacionais e organizacionais.\",\"potentialAction\":[{\"@type\":\"SearchAction\",\"target\":{\"@type\":\"EntryPoint\",\"urlTemplate\":\"https:\/\/rgfassociados.com\/?s={search_term_string}\"},\"query-input\":{\"@type\":\"PropertyValueSpecification\",\"valueRequired\":true,\"valueName\":\"search_term_string\"}}],\"inLanguage\":\"en-US\"}]}<\/script>\n<!-- \/ Yoast SEO plugin. -->","yoast_head_json":{"title":"Monitor RGF de Recupera\u00e7\u00e3o Judicial - RGF","description":"O Monitor RGF de Recupera\u00e7\u00e3o Judicial no Brasil \u00e9 uma plataforma que re\u00fane dados sobre a sa\u00fade dos setores da economia brasileira a partir de uma refer\u00eancia fundamental: a quantidade de companhias em Recupera\u00e7\u00e3o Judicial. O Monitor apresenta o \u00cdndice de Recupera\u00e7\u00e3o Judicial (IRJ-RGF), que indica a quantidade de empresas em Recupera\u00e7\u00e3o Judicial a cada mil empresas, com vis\u00f5es a n\u00edvel pa\u00eds, regi\u00e3o, estado e setor.","robots":{"index":"index","follow":"follow","max-snippet":"max-snippet:-1","max-image-preview":"max-image-preview:large","max-video-preview":"max-video-preview:-1"},"canonical":"https:\/\/rgfassociados.com\/en\/monitores-rgf\/","og_locale":"en_US","og_type":"article","og_title":"Monitor RGF de Recupera\u00e7\u00e3o Judicial - RGF","og_description":"O Monitor RGF de Recupera\u00e7\u00e3o Judicial no Brasil \u00e9 uma plataforma que re\u00fane dados sobre a sa\u00fade dos setores da economia brasileira a partir de uma refer\u00eancia fundamental: a quantidade de companhias em Recupera\u00e7\u00e3o Judicial. O Monitor apresenta o \u00cdndice de Recupera\u00e7\u00e3o Judicial (IRJ-RGF), que indica a quantidade de empresas em Recupera\u00e7\u00e3o Judicial a cada mil empresas, com vis\u00f5es a n\u00edvel pa\u00eds, regi\u00e3o, estado e setor.","og_url":"https:\/\/rgfassociados.com\/en\/monitores-rgf\/","og_site_name":"RGF | Consultoria, Estrutura\u00e7\u00e3o Empresarial, Estrat\u00e9gia e M&amp;A","article_modified_time":"2025-05-06T12:32:42+00:00","twitter_card":"summary_large_image","schema":{"@context":"https:\/\/schema.org","@graph":[{"@type":"WebPage","@id":"https:\/\/rgfassociados.com\/monitores-rgf\/","url":"https:\/\/rgfassociados.com\/monitores-rgf\/","name":"Monitor RGF de Recupera\u00e7\u00e3o Judicial - RGF","isPartOf":{"@id":"https:\/\/rgfassociados.com\/#website"},"datePublished":"2023-08-02T16:22:59+00:00","dateModified":"2025-05-06T12:32:42+00:00","description":"O Monitor RGF de Recupera\u00e7\u00e3o Judicial no Brasil \u00e9 uma plataforma que re\u00fane dados sobre a sa\u00fade dos setores da economia brasileira a partir de uma refer\u00eancia fundamental: a quantidade de companhias em Recupera\u00e7\u00e3o Judicial. O Monitor apresenta o \u00cdndice de Recupera\u00e7\u00e3o Judicial (IRJ-RGF), que indica a quantidade de empresas em Recupera\u00e7\u00e3o Judicial a cada mil empresas, com vis\u00f5es a n\u00edvel pa\u00eds, regi\u00e3o, estado e setor.","inLanguage":"en-US","potentialAction":[{"@type":"ReadAction","target":["https:\/\/rgfassociados.com\/monitores-rgf\/"]}]},{"@type":"WebSite","@id":"https:\/\/rgfassociados.com\/#website","url":"https:\/\/rgfassociados.com\/","name":"RGF | Consultoria, Estrutura\u00e7\u00e3o Empresarial, Estrat\u00e9gia e M&amp;A","description":"Na RGF, geramos valor extraordin\u00e1rio para nossos clientes resolvendo situa\u00e7\u00f5es complexas com servi\u00e7os estrat\u00e9gicos, financeiros, operacionais e organizacionais.","potentialAction":[{"@type":"SearchAction","target":{"@type":"EntryPoint","urlTemplate":"https:\/\/rgfassociados.com\/?s={search_term_string}"},"query-input":{"@type":"PropertyValueSpecification","valueRequired":true,"valueName":"search_term_string"}}],"inLanguage":"en-US"}]}},"_links":{"self":[{"href":"https:\/\/rgfassociados.com\/en\/wp-json\/wp\/v2\/pages\/1266","targetHints":{"allow":["GET"]}}],"collection":[{"href":"https:\/\/rgfassociados.com\/en\/wp-json\/wp\/v2\/pages"}],"about":[{"href":"https:\/\/rgfassociados.com\/en\/wp-json\/wp\/v2\/types\/page"}],"author":[{"embeddable":true,"href":"https:\/\/rgfassociados.com\/en\/wp-json\/wp\/v2\/users\/5"}],"replies":[{"embeddable":true,"href":"https:\/\/rgfassociados.com\/en\/wp-json\/wp\/v2\/comments?post=1266"}],"version-history":[{"count":14,"href":"https:\/\/rgfassociados.com\/en\/wp-json\/wp\/v2\/pages\/1266\/revisions"}],"predecessor-version":[{"id":1512,"href":"https:\/\/rgfassociados.com\/en\/wp-json\/wp\/v2\/pages\/1266\/revisions\/1512"}],"wp:attachment":[{"href":"https:\/\/rgfassociados.com\/en\/wp-json\/wp\/v2\/media?parent=1266"}],"curies":[{"name":"wp","href":"https:\/\/api.w.org\/{rel}","templated":true}]}}